{"id":312,"date":"2023-12-30T09:22:44","date_gmt":"2023-12-30T14:22:44","guid":{"rendered":"https:\/\/www.mfisc.net\/?page_id=312"},"modified":"2024-09-09T14:17:47","modified_gmt":"2024-09-09T18:17:47","slug":"droits-dauteur","status":"publish","type":"page","link":"https:\/\/www.mfisc.net\/en\/droits-dauteur\/","title":{"rendered":"Copyright"},"content":{"rendered":"<p>\u00c0 moins d\u2019indications \u00e0 l\u2019effet contraire, Huy Hoang Huynh, MFisc d\u00e9tient les droits exclusifs de propri\u00e9t\u00e9 intellectuelle sur tous les documents, donn\u00e9es, compilations et autres \u0153uvres qu\u2019il produit, publie ou diffuse, que ces documents soient des textes officiels ou administratifs, des brochures, des guides, etc.<\/p>\n<p>Il est interdit de reproduire, t\u00e9l\u00e9charger, stocker, traduire, adapter, publier ou repr\u00e9senter en public les contenus de Huy Hoang Huynh, MFisc sans son autorisation \u00e9crite pr\u00e9alable.<\/p>\n<h3>Brands, names and logos<\/h3>\n<p>The trademarks, names and logos of Huy Hoang Huynh, MFisc, whether registered or not, may not be used without first obtaining the written authorization of Huy Hoang Huynh, MFisc.<\/p>","protected":false},"excerpt":{"rendered":"<p>\u00c0 moins d\u2019indications \u00e0 l\u2019effet contraire, Huy Hoang Huynh, MFisc d\u00e9tient les droits exclusifs de propri\u00e9t\u00e9 intellectuelle sur tous les documents, donn\u00e9es, compilations et autres \u0153uvres qu\u2019il produit, publie ou diffuse, que ces documents soient des textes officiels ou administratifs, des brochures, des guides, etc. Il est interdit de reproduire, t\u00e9l\u00e9charger, stocker, traduire, adapter, publier [&hellip;]<\/p>\n","protected":false},"author":1,"featured_media":0,"parent":0,"menu_order":0,"comment_status":"closed","ping_status":"closed","template":"","meta":{"footnotes":""},"class_list":["post-312","page","type-page","status-publish","hentry"],"yoast_head":"<!-- This site is optimized with the Yoast SEO Premium plugin v27.4 (Yoast SEO v27.4) - https:\/\/yoast.com\/product\/yoast-seo-premium-wordpress\/ -->\n<title>Droits d&#039;auteur - Tax Dispute &amp; Tax Strategy Specialist<\/title>\n<meta name=\"robots\" content=\"index, follow, max-snippet:-1, max-image-preview:large, max-video-preview:-1\" \/>\n<link rel=\"canonical\" href=\"https:\/\/www.mfisc.net\/en\/droits-dauteur\/\" \/>\n<meta property=\"og:locale\" content=\"en_US\" \/>\n<meta property=\"og:type\" content=\"article\" \/>\n<meta property=\"og:title\" content=\"Droits d&#039;auteur\" \/>\n<meta property=\"og:description\" content=\"\u00c0 moins d\u2019indications \u00e0 l\u2019effet contraire, Huy Hoang Huynh, MFisc d\u00e9tient les droits exclusifs de propri\u00e9t\u00e9 intellectuelle sur tous les documents, donn\u00e9es, compilations et autres \u0153uvres qu\u2019il produit, publie ou diffuse, que ces documents soient des textes officiels ou administratifs, des brochures, des guides, etc. Il est interdit de reproduire, t\u00e9l\u00e9charger, stocker, traduire, adapter, publier [&hellip;]\" \/>\n<meta property=\"og:url\" content=\"https:\/\/www.mfisc.net\/en\/droits-dauteur\/\" \/>\n<meta property=\"og:site_name\" content=\"Tax Dispute &amp; Tax Strategy Specialist\" \/>\n<meta property=\"article:modified_time\" content=\"2024-09-09T18:17:47+00:00\" \/>\n<meta name=\"twitter:card\" content=\"summary_large_image\" \/>\n<meta name=\"twitter:label1\" content=\"Est. reading time\" \/>\n\t<meta name=\"twitter:data1\" content=\"1 minute\" \/>\n<script type=\"application\/ld+json\" class=\"yoast-schema-graph\">{\"@context\":\"https:\\\/\\\/schema.org\",\"@graph\":[{\"@type\":\"WebPage\",\"@id\":\"https:\\\/\\\/www.mfisc.net\\\/droits-dauteur\\\/\",\"url\":\"https:\\\/\\\/www.mfisc.net\\\/droits-dauteur\\\/\",\"name\":\"Droits d'auteur - Tax Dispute &amp; Tax Strategy Specialist\",\"isPartOf\":{\"@id\":\"https:\\\/\\\/www.mfisc.net\\\/#website\"},\"datePublished\":\"2023-12-30T14:22:44+00:00\",\"dateModified\":\"2024-09-09T18:17:47+00:00\",\"breadcrumb\":{\"@id\":\"https:\\\/\\\/www.mfisc.net\\\/droits-dauteur\\\/#breadcrumb\"},\"inLanguage\":\"en-CA\",\"potentialAction\":[{\"@type\":\"ReadAction\",\"target\":[\"https:\\\/\\\/www.mfisc.net\\\/droits-dauteur\\\/\"]}]},{\"@type\":\"BreadcrumbList\",\"@id\":\"https:\\\/\\\/www.mfisc.net\\\/droits-dauteur\\\/#breadcrumb\",\"itemListElement\":[{\"@type\":\"ListItem\",\"position\":1,\"name\":\"Home\",\"item\":\"https:\\\/\\\/www.mfisc.net\\\/\"},{\"@type\":\"ListItem\",\"position\":2,\"name\":\"Droits d&#8217;auteur\"}]},{\"@type\":\"WebSite\",\"@id\":\"https:\\\/\\\/www.mfisc.net\\\/#website\",\"url\":\"https:\\\/\\\/www.mfisc.net\\\/\",\"name\":\"Tax Dispute &amp; Tax Strategy Specialist\",\"description\":\"Service d&#039;accompagnement fiscal, fiscaliste Longueuil\",\"publisher\":{\"@id\":\"https:\\\/\\\/www.mfisc.net\\\/#organization\"},\"potentialAction\":[{\"@type\":\"SearchAction\",\"target\":{\"@type\":\"EntryPoint\",\"urlTemplate\":\"https:\\\/\\\/www.mfisc.net\\\/?s={search_term_string}\"},\"query-input\":{\"@type\":\"PropertyValueSpecification\",\"valueRequired\":true,\"valueName\":\"search_term_string\"}}],\"inLanguage\":\"en-CA\"},{\"@type\":\"Organization\",\"@id\":\"https:\\\/\\\/www.mfisc.net\\\/#organization\",\"name\":\"Tax Dispute &amp; Tax Strategy Specialist\",\"url\":\"https:\\\/\\\/www.mfisc.net\\\/\",\"logo\":{\"@type\":\"ImageObject\",\"inLanguage\":\"en-CA\",\"@id\":\"https:\\\/\\\/www.mfisc.net\\\/#\\\/schema\\\/logo\\\/image\\\/\",\"url\":\"\",\"contentUrl\":\"\",\"caption\":\"Tax Dispute &amp; Tax Strategy Specialist\"},\"image\":{\"@id\":\"https:\\\/\\\/www.mfisc.net\\\/#\\\/schema\\\/logo\\\/image\\\/\"}}]}<\/script>\n<!-- \/ Yoast SEO Premium plugin. -->","yoast_head_json":{"title":"Droits d'auteur - Tax Dispute &amp; Tax Strategy Specialist","robots":{"index":"index","follow":"follow","max-snippet":"max-snippet:-1","max-image-preview":"max-image-preview:large","max-video-preview":"max-video-preview:-1"},"canonical":"https:\/\/www.mfisc.net\/en\/droits-dauteur\/","og_locale":"en_US","og_type":"article","og_title":"Droits d'auteur","og_description":"\u00c0 moins d\u2019indications \u00e0 l\u2019effet contraire, Huy Hoang Huynh, MFisc d\u00e9tient les droits exclusifs de propri\u00e9t\u00e9 intellectuelle sur tous les documents, donn\u00e9es, compilations et autres \u0153uvres qu\u2019il produit, publie ou diffuse, que ces documents soient des textes officiels ou administratifs, des brochures, des guides, etc. Il est interdit de reproduire, t\u00e9l\u00e9charger, stocker, traduire, adapter, publier [&hellip;]","og_url":"https:\/\/www.mfisc.net\/en\/droits-dauteur\/","og_site_name":"Tax Dispute &amp; Tax Strategy Specialist","article_modified_time":"2024-09-09T18:17:47+00:00","twitter_card":"summary_large_image","twitter_misc":{"Est. reading time":"1 minute"},"schema":{"@context":"https:\/\/schema.org","@graph":[{"@type":"WebPage","@id":"https:\/\/www.mfisc.net\/droits-dauteur\/","url":"https:\/\/www.mfisc.net\/droits-dauteur\/","name":"Droits d'auteur - Tax Dispute &amp; Tax Strategy Specialist","isPartOf":{"@id":"https:\/\/www.mfisc.net\/#website"},"datePublished":"2023-12-30T14:22:44+00:00","dateModified":"2024-09-09T18:17:47+00:00","breadcrumb":{"@id":"https:\/\/www.mfisc.net\/droits-dauteur\/#breadcrumb"},"inLanguage":"en-CA","potentialAction":[{"@type":"ReadAction","target":["https:\/\/www.mfisc.net\/droits-dauteur\/"]}]},{"@type":"BreadcrumbList","@id":"https:\/\/www.mfisc.net\/droits-dauteur\/#breadcrumb","itemListElement":[{"@type":"ListItem","position":1,"name":"Home","item":"https:\/\/www.mfisc.net\/"},{"@type":"ListItem","position":2,"name":"Droits d&#8217;auteur"}]},{"@type":"WebSite","@id":"https:\/\/www.mfisc.net\/#website","url":"https:\/\/www.mfisc.net\/","name":"Tax Dispute &amp; Tax Strategy Specialist","description":"Service d&#039;accompagnement fiscal, fiscaliste Longueuil","publisher":{"@id":"https:\/\/www.mfisc.net\/#organization"},"potentialAction":[{"@type":"SearchAction","target":{"@type":"EntryPoint","urlTemplate":"https:\/\/www.mfisc.net\/?s={search_term_string}"},"query-input":{"@type":"PropertyValueSpecification","valueRequired":true,"valueName":"search_term_string"}}],"inLanguage":"en-CA"},{"@type":"Organization","@id":"https:\/\/www.mfisc.net\/#organization","name":"Tax Dispute &amp; Tax Strategy Specialist","url":"https:\/\/www.mfisc.net\/","logo":{"@type":"ImageObject","inLanguage":"en-CA","@id":"https:\/\/www.mfisc.net\/#\/schema\/logo\/image\/","url":"","contentUrl":"","caption":"Tax Dispute &amp; Tax Strategy Specialist"},"image":{"@id":"https:\/\/www.mfisc.net\/#\/schema\/logo\/image\/"}}]}},"_links":{"self":[{"href":"https:\/\/www.mfisc.net\/en\/wp-json\/wp\/v2\/pages\/312","targetHints":{"allow":["GET"]}}],"collection":[{"href":"https:\/\/www.mfisc.net\/en\/wp-json\/wp\/v2\/pages"}],"about":[{"href":"https:\/\/www.mfisc.net\/en\/wp-json\/wp\/v2\/types\/page"}],"author":[{"embeddable":true,"href":"https:\/\/www.mfisc.net\/en\/wp-json\/wp\/v2\/users\/1"}],"replies":[{"embeddable":true,"href":"https:\/\/www.mfisc.net\/en\/wp-json\/wp\/v2\/comments?post=312"}],"version-history":[{"count":3,"href":"https:\/\/www.mfisc.net\/en\/wp-json\/wp\/v2\/pages\/312\/revisions"}],"predecessor-version":[{"id":698,"href":"https:\/\/www.mfisc.net\/en\/wp-json\/wp\/v2\/pages\/312\/revisions\/698"}],"wp:attachment":[{"href":"https:\/\/www.mfisc.net\/en\/wp-json\/wp\/v2\/media?parent=312"}],"curies":[{"name":"wp","href":"https:\/\/api.w.org\/{rel}","templated":true}]}}