{"id":321,"date":"2023-12-30T09:48:22","date_gmt":"2023-12-30T14:48:22","guid":{"rendered":"https:\/\/www.mfisc.net\/?page_id=321"},"modified":"2024-03-03T20:54:58","modified_gmt":"2024-03-04T01:54:58","slug":"politique-de-confidentialite","status":"publish","type":"page","link":"https:\/\/www.mfisc.net\/en\/politique-de-confidentialite\/","title":{"rendered":"Privacy Policy"},"content":{"rendered":"<p>Huy Hoang Huynh, Mfisc is committed to protecting your personal information and respecting your privacy. We respect the secrecy of any information of a confidential nature that comes to our attention in the exercise of our profession. We take reasonable measures with regard to the staff around us and anyone who collaborates with us to ensure that professional secrecy is preserved.<\/p>\n\n\n\n<p><\/p>\n\n\n\n<p>We can only waive professional secrecy with the written authorization of the client or when the law orders us or authorizes us by express provision.<\/p>\n\n\n\n<h2 class=\"wp-block-heading\" id=\"h-collecte-et-utilisation\">Collection and use<\/h2>\n\n\n\n<p>Huy Hoang Huynh, MFisc collects some of your personal information through the services offered. The information collected may include:<\/p>\n\n\n\n<ul class=\"wp-block-list\">\n<li>Your name;<\/li>\n\n\n\n<li>Your personal and\/or professional contact details, including your address, email address and telephone number;<\/li>\n\n\n\n<li>Your preferred language of communication or correspondence;<\/li>\n\n\n\n<li>Your tax information;<\/li>\n\n\n\n<li>Information about people with whom you have connections.<\/li>\n<\/ul>\n\n\n\n<p>This information allows us, among other things, to establish the best possible tax strategies based on your situation**.<\/p>\n\n\n\n<p><\/p>\n\n\n\n<h2 class=\"wp-block-heading\">Use<\/h2>\n\n\n\n<p>Personal information is only used for the purposes specified in this policy and is not used in any way to collect, communicate or exchange with non-right holders.<\/p>\n\n\n\n<p>If you choose to voluntarily send us personal or otherwise confidential information, we only use the information necessary to respond to your message or follow up on your request.<\/p>","protected":false},"excerpt":{"rendered":"<p>Huy Hoang Huynh, Mfisc s&rsquo;engage \u00e0 prot\u00e9ger vos renseignements personnels et de respecter votre vie priv\u00e9e. Nous respectons le secret de tout renseignement de nature confidentielle qui vient \u00e0 notre connaissance dans l\u2019exercice de notre profession. Nous prenons les moyens raisonnables \u00e0 l\u2019\u00e9gard du personnel qui nous entoure et de toute personne qui collabore avec [&hellip;]<\/p>\n","protected":false},"author":1,"featured_media":0,"parent":0,"menu_order":0,"comment_status":"closed","ping_status":"closed","template":"","meta":{"footnotes":""},"class_list":["post-321","page","type-page","status-publish","hentry"],"yoast_head":"<!-- This site is optimized with the Yoast SEO Premium plugin v27.4 (Yoast SEO v27.4) - https:\/\/yoast.com\/product\/yoast-seo-premium-wordpress\/ -->\n<title>Politique de confidentialit\u00e9 - Tax Dispute &amp; Tax Strategy Specialist<\/title>\n<meta name=\"robots\" content=\"index, follow, max-snippet:-1, max-image-preview:large, max-video-preview:-1\" \/>\n<link rel=\"canonical\" href=\"https:\/\/www.mfisc.net\/en\/politique-de-confidentialite\/\" \/>\n<meta property=\"og:locale\" content=\"en_US\" \/>\n<meta property=\"og:type\" content=\"article\" \/>\n<meta property=\"og:title\" content=\"Politique de confidentialit\u00e9\" \/>\n<meta property=\"og:description\" content=\"Huy Hoang Huynh, Mfisc s&rsquo;engage \u00e0 prot\u00e9ger vos renseignements personnels et de respecter votre vie priv\u00e9e. Nous respectons le secret de tout renseignement de nature confidentielle qui vient \u00e0 notre connaissance dans l\u2019exercice de notre profession. Nous prenons les moyens raisonnables \u00e0 l\u2019\u00e9gard du personnel qui nous entoure et de toute personne qui collabore avec [&hellip;]\" \/>\n<meta property=\"og:url\" content=\"https:\/\/www.mfisc.net\/en\/politique-de-confidentialite\/\" \/>\n<meta property=\"og:site_name\" content=\"Tax Dispute &amp; Tax Strategy Specialist\" \/>\n<meta property=\"article:modified_time\" content=\"2024-03-04T01:54:58+00:00\" \/>\n<meta name=\"twitter:card\" content=\"summary_large_image\" \/>\n<meta name=\"twitter:label1\" content=\"Est. reading time\" \/>\n\t<meta name=\"twitter:data1\" content=\"1 minute\" \/>\n<script type=\"application\/ld+json\" class=\"yoast-schema-graph\">{\"@context\":\"https:\\\/\\\/schema.org\",\"@graph\":[{\"@type\":\"WebPage\",\"@id\":\"https:\\\/\\\/www.mfisc.net\\\/politique-de-confidentialite\\\/\",\"url\":\"https:\\\/\\\/www.mfisc.net\\\/politique-de-confidentialite\\\/\",\"name\":\"Politique de confidentialit\u00e9 - Tax Dispute &amp; Tax Strategy Specialist\",\"isPartOf\":{\"@id\":\"https:\\\/\\\/www.mfisc.net\\\/#website\"},\"datePublished\":\"2023-12-30T14:48:22+00:00\",\"dateModified\":\"2024-03-04T01:54:58+00:00\",\"breadcrumb\":{\"@id\":\"https:\\\/\\\/www.mfisc.net\\\/politique-de-confidentialite\\\/#breadcrumb\"},\"inLanguage\":\"en-CA\",\"potentialAction\":[{\"@type\":\"ReadAction\",\"target\":[\"https:\\\/\\\/www.mfisc.net\\\/politique-de-confidentialite\\\/\"]}]},{\"@type\":\"BreadcrumbList\",\"@id\":\"https:\\\/\\\/www.mfisc.net\\\/politique-de-confidentialite\\\/#breadcrumb\",\"itemListElement\":[{\"@type\":\"ListItem\",\"position\":1,\"name\":\"Home\",\"item\":\"https:\\\/\\\/www.mfisc.net\\\/\"},{\"@type\":\"ListItem\",\"position\":2,\"name\":\"Politique de confidentialit\u00e9\"}]},{\"@type\":\"WebSite\",\"@id\":\"https:\\\/\\\/www.mfisc.net\\\/#website\",\"url\":\"https:\\\/\\\/www.mfisc.net\\\/\",\"name\":\"Tax Dispute &amp; Tax Strategy Specialist\",\"description\":\"Service d&#039;accompagnement fiscal, fiscaliste Longueuil\",\"publisher\":{\"@id\":\"https:\\\/\\\/www.mfisc.net\\\/#organization\"},\"potentialAction\":[{\"@type\":\"SearchAction\",\"target\":{\"@type\":\"EntryPoint\",\"urlTemplate\":\"https:\\\/\\\/www.mfisc.net\\\/?s={search_term_string}\"},\"query-input\":{\"@type\":\"PropertyValueSpecification\",\"valueRequired\":true,\"valueName\":\"search_term_string\"}}],\"inLanguage\":\"en-CA\"},{\"@type\":\"Organization\",\"@id\":\"https:\\\/\\\/www.mfisc.net\\\/#organization\",\"name\":\"Tax Dispute &amp; Tax Strategy Specialist\",\"url\":\"https:\\\/\\\/www.mfisc.net\\\/\",\"logo\":{\"@type\":\"ImageObject\",\"inLanguage\":\"en-CA\",\"@id\":\"https:\\\/\\\/www.mfisc.net\\\/#\\\/schema\\\/logo\\\/image\\\/\",\"url\":\"\",\"contentUrl\":\"\",\"caption\":\"Tax Dispute &amp; Tax Strategy Specialist\"},\"image\":{\"@id\":\"https:\\\/\\\/www.mfisc.net\\\/#\\\/schema\\\/logo\\\/image\\\/\"}}]}<\/script>\n<!-- \/ Yoast SEO Premium plugin. -->","yoast_head_json":{"title":"Politique de confidentialit\u00e9 - Tax Dispute &amp; Tax Strategy Specialist","robots":{"index":"index","follow":"follow","max-snippet":"max-snippet:-1","max-image-preview":"max-image-preview:large","max-video-preview":"max-video-preview:-1"},"canonical":"https:\/\/www.mfisc.net\/en\/politique-de-confidentialite\/","og_locale":"en_US","og_type":"article","og_title":"Politique de confidentialit\u00e9","og_description":"Huy Hoang Huynh, Mfisc s&rsquo;engage \u00e0 prot\u00e9ger vos renseignements personnels et de respecter votre vie priv\u00e9e. Nous respectons le secret de tout renseignement de nature confidentielle qui vient \u00e0 notre connaissance dans l\u2019exercice de notre profession. Nous prenons les moyens raisonnables \u00e0 l\u2019\u00e9gard du personnel qui nous entoure et de toute personne qui collabore avec [&hellip;]","og_url":"https:\/\/www.mfisc.net\/en\/politique-de-confidentialite\/","og_site_name":"Tax Dispute &amp; Tax Strategy Specialist","article_modified_time":"2024-03-04T01:54:58+00:00","twitter_card":"summary_large_image","twitter_misc":{"Est. reading time":"1 minute"},"schema":{"@context":"https:\/\/schema.org","@graph":[{"@type":"WebPage","@id":"https:\/\/www.mfisc.net\/politique-de-confidentialite\/","url":"https:\/\/www.mfisc.net\/politique-de-confidentialite\/","name":"Politique de confidentialit\u00e9 - Tax Dispute &amp; Tax Strategy Specialist","isPartOf":{"@id":"https:\/\/www.mfisc.net\/#website"},"datePublished":"2023-12-30T14:48:22+00:00","dateModified":"2024-03-04T01:54:58+00:00","breadcrumb":{"@id":"https:\/\/www.mfisc.net\/politique-de-confidentialite\/#breadcrumb"},"inLanguage":"en-CA","potentialAction":[{"@type":"ReadAction","target":["https:\/\/www.mfisc.net\/politique-de-confidentialite\/"]}]},{"@type":"BreadcrumbList","@id":"https:\/\/www.mfisc.net\/politique-de-confidentialite\/#breadcrumb","itemListElement":[{"@type":"ListItem","position":1,"name":"Home","item":"https:\/\/www.mfisc.net\/"},{"@type":"ListItem","position":2,"name":"Politique de confidentialit\u00e9"}]},{"@type":"WebSite","@id":"https:\/\/www.mfisc.net\/#website","url":"https:\/\/www.mfisc.net\/","name":"Tax Dispute &amp; Tax Strategy Specialist","description":"Service d&#039;accompagnement fiscal, fiscaliste Longueuil","publisher":{"@id":"https:\/\/www.mfisc.net\/#organization"},"potentialAction":[{"@type":"SearchAction","target":{"@type":"EntryPoint","urlTemplate":"https:\/\/www.mfisc.net\/?s={search_term_string}"},"query-input":{"@type":"PropertyValueSpecification","valueRequired":true,"valueName":"search_term_string"}}],"inLanguage":"en-CA"},{"@type":"Organization","@id":"https:\/\/www.mfisc.net\/#organization","name":"Tax Dispute &amp; Tax Strategy Specialist","url":"https:\/\/www.mfisc.net\/","logo":{"@type":"ImageObject","inLanguage":"en-CA","@id":"https:\/\/www.mfisc.net\/#\/schema\/logo\/image\/","url":"","contentUrl":"","caption":"Tax Dispute &amp; Tax Strategy Specialist"},"image":{"@id":"https:\/\/www.mfisc.net\/#\/schema\/logo\/image\/"}}]}},"_links":{"self":[{"href":"https:\/\/www.mfisc.net\/en\/wp-json\/wp\/v2\/pages\/321","targetHints":{"allow":["GET"]}}],"collection":[{"href":"https:\/\/www.mfisc.net\/en\/wp-json\/wp\/v2\/pages"}],"about":[{"href":"https:\/\/www.mfisc.net\/en\/wp-json\/wp\/v2\/types\/page"}],"author":[{"embeddable":true,"href":"https:\/\/www.mfisc.net\/en\/wp-json\/wp\/v2\/users\/1"}],"replies":[{"embeddable":true,"href":"https:\/\/www.mfisc.net\/en\/wp-json\/wp\/v2\/comments?post=321"}],"version-history":[{"count":1,"href":"https:\/\/www.mfisc.net\/en\/wp-json\/wp\/v2\/pages\/321\/revisions"}],"predecessor-version":[{"id":599,"href":"https:\/\/www.mfisc.net\/en\/wp-json\/wp\/v2\/pages\/321\/revisions\/599"}],"wp:attachment":[{"href":"https:\/\/www.mfisc.net\/en\/wp-json\/wp\/v2\/media?parent=321"}],"curies":[{"name":"wp","href":"https:\/\/api.w.org\/{rel}","templated":true}]}}