{"id":326,"date":"2023-12-30T17:30:53","date_gmt":"2023-12-30T22:30:53","guid":{"rendered":"https:\/\/www.mfisc.net\/?page_id=326"},"modified":"2026-01-28T14:50:30","modified_gmt":"2026-01-28T19:50:30","slug":"paiement","status":"publish","type":"page","link":"https:\/\/www.mfisc.net\/en\/paiement\/","title":{"rendered":"Payment"},"content":{"rendered":"<p>*** Before making any transactions, make sure to carefully read the warnings below  ***<\/p>\n\n\n\n<p>We accept the following methods of payment:<\/p>\n\n\n\n<ul class=\"wp-block-list\">\n<li>Electronic funds transfer to email <strong>huy.hoang.huynh@usherbrooke.ca<\/strong><\/li>\n\n\n\n<li>Electronic funds transfer to phone <strong>514 886-8914<\/strong><\/li>\n\n\n\n<li>Cash (in person)<sup>2<\/sup><\/li>\n\n\n\n<li><a href=\"https:\/\/buy.stripe.com\/28oeVh08MetLfAc289\">Credit card (Stripe platform)<\/a><\/li>\n<\/ul>\n\n\n\n<p><strong>CAUTION: <\/strong><\/p>\n\n\n\n<p><\/p>\n\n\n\n<p>1) For electronic funds transfer<\/p>\n\n\n\n<ul class=\"wp-block-list\">\n<li>Double validate the email or phone number above. We assume no responsibility for a transfer to the wrong recipient;<\/li>\n<\/ul>\n\n\n\n<ul class=\"wp-block-list\">\n<li>Please access your financial institution's website and make the transfer(s) to the email or telephone number above;<\/li>\n<\/ul>\n\n\n\n<ul class=\"wp-block-list\">\n<li>We do not hold any financial information about you. Please contact your financial institution if you are having difficulty; <\/li>\n<\/ul>\n\n\n\n<p><\/p>\n\n\n\n<p class=\"has-text-align-right\"><\/p>\n\n\n\n<p>2) You must contact us at 514 886-8914 beforehand for cash payments; <\/p>\n\n\n\n<p><\/p>\n\n\n\n<p>3) We will not store any of your credit card information. Transactions are carried out on the Stripe transaction platform (<a href=\"https:\/\/stripe.com\/\">Click here for more details<\/a>);<\/p>\n\n\n\n<p>All reimbursement requests, made to Huy Hoang Huynh, Mfisc, will be processed 72 BUSINESS hours after the transfer (without exception) in order to avoid fraudulent transactions;<\/p>\n\n\n\n<ul class=\"wp-block-list\">\n<li>We reserve the right to ask you to justify your refund request;<\/li>\n<\/ul>\n\n\n\n<p>5) Payments are for tax consultation services only, you must make arrangements with the relevant tax authority to pay your balance due;<\/p>\n\n\n\n<p>6) It is your responsibility to keep all records of transactions;<\/p>\n\n\n\n<p>7) The rate charged is a basic amount, it can be adjustable depending on your tax situation;<\/p>\n\n\n\n<p>8) You must wait at least 5 minutes to make a new transaction (if the previous one failed in order to avoid double transactions);<\/p>\n\n\n\n<p>9) By completing the transaction, you are deemed to accept all the above warnings.<\/p>","protected":false},"excerpt":{"rendered":"<p>*** Bien lire les mises en garde ci-dessous avant toutes transactions *** Nous acceptons les formes de paiements suivants: MISE EN GARDE: 1) Pour les virements \u00e9lectroniques, 2) Vous devez nous contacter au 514 886-8914 pr\u00e9alablement pour les paiements en esp\u00e8ces; 3) Nous nous engageons de ne pas garder aucune information relative \u00e0 votre carte [&hellip;]<\/p>\n","protected":false},"author":1,"featured_media":0,"parent":0,"menu_order":0,"comment_status":"closed","ping_status":"closed","template":"","meta":{"footnotes":""},"class_list":["post-326","page","type-page","status-publish","hentry"],"yoast_head":"<!-- This site is optimized with the Yoast SEO Premium plugin v27.4 (Yoast SEO v27.4) - https:\/\/yoast.com\/product\/yoast-seo-premium-wordpress\/ -->\n<title>Paiement - Tax Dispute &amp; Tax Strategy Specialist<\/title>\n<meta name=\"robots\" content=\"index, follow, max-snippet:-1, max-image-preview:large, max-video-preview:-1\" \/>\n<link rel=\"canonical\" href=\"https:\/\/www.mfisc.net\/en\/paiement\/\" \/>\n<meta property=\"og:locale\" content=\"en_US\" \/>\n<meta property=\"og:type\" content=\"article\" \/>\n<meta property=\"og:title\" content=\"Paiement\" \/>\n<meta property=\"og:description\" content=\"*** Bien lire les mises en garde ci-dessous avant toutes transactions *** Nous acceptons les formes de paiements suivants: MISE EN GARDE: 1) Pour les virements \u00e9lectroniques, 2) Vous devez nous contacter au 514 886-8914 pr\u00e9alablement pour les paiements en esp\u00e8ces; 3) Nous nous engageons de ne pas garder aucune information relative \u00e0 votre carte [&hellip;]\" \/>\n<meta property=\"og:url\" content=\"https:\/\/www.mfisc.net\/en\/paiement\/\" \/>\n<meta property=\"og:site_name\" content=\"Tax Dispute &amp; Tax Strategy Specialist\" \/>\n<meta property=\"article:modified_time\" content=\"2026-01-28T19:50:30+00:00\" \/>\n<meta name=\"twitter:card\" content=\"summary_large_image\" \/>\n<meta name=\"twitter:label1\" content=\"Est. reading time\" \/>\n\t<meta name=\"twitter:data1\" content=\"2 minutes\" \/>\n<script type=\"application\/ld+json\" class=\"yoast-schema-graph\">{\"@context\":\"https:\\\/\\\/schema.org\",\"@graph\":[{\"@type\":\"WebPage\",\"@id\":\"https:\\\/\\\/www.mfisc.net\\\/paiement\\\/\",\"url\":\"https:\\\/\\\/www.mfisc.net\\\/paiement\\\/\",\"name\":\"Paiement - Tax Dispute &amp; Tax Strategy Specialist\",\"isPartOf\":{\"@id\":\"https:\\\/\\\/www.mfisc.net\\\/#website\"},\"datePublished\":\"2023-12-30T22:30:53+00:00\",\"dateModified\":\"2026-01-28T19:50:30+00:00\",\"breadcrumb\":{\"@id\":\"https:\\\/\\\/www.mfisc.net\\\/paiement\\\/#breadcrumb\"},\"inLanguage\":\"en-CA\",\"potentialAction\":[{\"@type\":\"ReadAction\",\"target\":[\"https:\\\/\\\/www.mfisc.net\\\/paiement\\\/\"]}]},{\"@type\":\"BreadcrumbList\",\"@id\":\"https:\\\/\\\/www.mfisc.net\\\/paiement\\\/#breadcrumb\",\"itemListElement\":[{\"@type\":\"ListItem\",\"position\":1,\"name\":\"Home\",\"item\":\"https:\\\/\\\/www.mfisc.net\\\/\"},{\"@type\":\"ListItem\",\"position\":2,\"name\":\"Paiement\"}]},{\"@type\":\"WebSite\",\"@id\":\"https:\\\/\\\/www.mfisc.net\\\/#website\",\"url\":\"https:\\\/\\\/www.mfisc.net\\\/\",\"name\":\"Tax Dispute &amp; Tax Strategy Specialist\",\"description\":\"Service d&#039;accompagnement fiscal, fiscaliste Longueuil\",\"publisher\":{\"@id\":\"https:\\\/\\\/www.mfisc.net\\\/#organization\"},\"potentialAction\":[{\"@type\":\"SearchAction\",\"target\":{\"@type\":\"EntryPoint\",\"urlTemplate\":\"https:\\\/\\\/www.mfisc.net\\\/?s={search_term_string}\"},\"query-input\":{\"@type\":\"PropertyValueSpecification\",\"valueRequired\":true,\"valueName\":\"search_term_string\"}}],\"inLanguage\":\"en-CA\"},{\"@type\":\"Organization\",\"@id\":\"https:\\\/\\\/www.mfisc.net\\\/#organization\",\"name\":\"Tax Dispute &amp; Tax Strategy Specialist\",\"url\":\"https:\\\/\\\/www.mfisc.net\\\/\",\"logo\":{\"@type\":\"ImageObject\",\"inLanguage\":\"en-CA\",\"@id\":\"https:\\\/\\\/www.mfisc.net\\\/#\\\/schema\\\/logo\\\/image\\\/\",\"url\":\"\",\"contentUrl\":\"\",\"caption\":\"Tax Dispute &amp; Tax Strategy Specialist\"},\"image\":{\"@id\":\"https:\\\/\\\/www.mfisc.net\\\/#\\\/schema\\\/logo\\\/image\\\/\"}}]}<\/script>\n<!-- \/ Yoast SEO Premium plugin. -->","yoast_head_json":{"title":"Paiement - Tax Dispute &amp; Tax Strategy Specialist","robots":{"index":"index","follow":"follow","max-snippet":"max-snippet:-1","max-image-preview":"max-image-preview:large","max-video-preview":"max-video-preview:-1"},"canonical":"https:\/\/www.mfisc.net\/en\/paiement\/","og_locale":"en_US","og_type":"article","og_title":"Paiement","og_description":"*** Bien lire les mises en garde ci-dessous avant toutes transactions *** Nous acceptons les formes de paiements suivants: MISE EN GARDE: 1) Pour les virements \u00e9lectroniques, 2) Vous devez nous contacter au 514 886-8914 pr\u00e9alablement pour les paiements en esp\u00e8ces; 3) Nous nous engageons de ne pas garder aucune information relative \u00e0 votre carte [&hellip;]","og_url":"https:\/\/www.mfisc.net\/en\/paiement\/","og_site_name":"Tax Dispute &amp; Tax Strategy Specialist","article_modified_time":"2026-01-28T19:50:30+00:00","twitter_card":"summary_large_image","twitter_misc":{"Est. reading time":"2 minutes"},"schema":{"@context":"https:\/\/schema.org","@graph":[{"@type":"WebPage","@id":"https:\/\/www.mfisc.net\/paiement\/","url":"https:\/\/www.mfisc.net\/paiement\/","name":"Paiement - Tax Dispute &amp; Tax Strategy Specialist","isPartOf":{"@id":"https:\/\/www.mfisc.net\/#website"},"datePublished":"2023-12-30T22:30:53+00:00","dateModified":"2026-01-28T19:50:30+00:00","breadcrumb":{"@id":"https:\/\/www.mfisc.net\/paiement\/#breadcrumb"},"inLanguage":"en-CA","potentialAction":[{"@type":"ReadAction","target":["https:\/\/www.mfisc.net\/paiement\/"]}]},{"@type":"BreadcrumbList","@id":"https:\/\/www.mfisc.net\/paiement\/#breadcrumb","itemListElement":[{"@type":"ListItem","position":1,"name":"Home","item":"https:\/\/www.mfisc.net\/"},{"@type":"ListItem","position":2,"name":"Paiement"}]},{"@type":"WebSite","@id":"https:\/\/www.mfisc.net\/#website","url":"https:\/\/www.mfisc.net\/","name":"Tax Dispute &amp; Tax Strategy Specialist","description":"Service d&#039;accompagnement fiscal, fiscaliste Longueuil","publisher":{"@id":"https:\/\/www.mfisc.net\/#organization"},"potentialAction":[{"@type":"SearchAction","target":{"@type":"EntryPoint","urlTemplate":"https:\/\/www.mfisc.net\/?s={search_term_string}"},"query-input":{"@type":"PropertyValueSpecification","valueRequired":true,"valueName":"search_term_string"}}],"inLanguage":"en-CA"},{"@type":"Organization","@id":"https:\/\/www.mfisc.net\/#organization","name":"Tax Dispute &amp; Tax Strategy Specialist","url":"https:\/\/www.mfisc.net\/","logo":{"@type":"ImageObject","inLanguage":"en-CA","@id":"https:\/\/www.mfisc.net\/#\/schema\/logo\/image\/","url":"","contentUrl":"","caption":"Tax Dispute &amp; Tax Strategy Specialist"},"image":{"@id":"https:\/\/www.mfisc.net\/#\/schema\/logo\/image\/"}}]}},"_links":{"self":[{"href":"https:\/\/www.mfisc.net\/en\/wp-json\/wp\/v2\/pages\/326","targetHints":{"allow":["GET"]}}],"collection":[{"href":"https:\/\/www.mfisc.net\/en\/wp-json\/wp\/v2\/pages"}],"about":[{"href":"https:\/\/www.mfisc.net\/en\/wp-json\/wp\/v2\/types\/page"}],"author":[{"embeddable":true,"href":"https:\/\/www.mfisc.net\/en\/wp-json\/wp\/v2\/users\/1"}],"replies":[{"embeddable":true,"href":"https:\/\/www.mfisc.net\/en\/wp-json\/wp\/v2\/comments?post=326"}],"version-history":[{"count":10,"href":"https:\/\/www.mfisc.net\/en\/wp-json\/wp\/v2\/pages\/326\/revisions"}],"predecessor-version":[{"id":1060,"href":"https:\/\/www.mfisc.net\/en\/wp-json\/wp\/v2\/pages\/326\/revisions\/1060"}],"wp:attachment":[{"href":"https:\/\/www.mfisc.net\/en\/wp-json\/wp\/v2\/media?parent=326"}],"curies":[{"name":"wp","href":"https:\/\/api.w.org\/{rel}","templated":true}]}}