{"id":321,"date":"2023-12-30T09:48:22","date_gmt":"2023-12-30T14:48:22","guid":{"rendered":"https:\/\/www.mfisc.net\/?page_id=321"},"modified":"2024-03-03T20:54:58","modified_gmt":"2024-03-04T01:54:58","slug":"politique-de-confidentialite","status":"publish","type":"page","link":"https:\/\/www.mfisc.net\/vi\/politique-de-confidentialite\/","title":{"rendered":"Ch\u00ednh s\u00e1ch b\u1ea3o m\u1eadt"},"content":{"rendered":"<p>Huy Ho\u00e0ng Hu\u1ef3nh, Mfisc cam k\u1ebft b\u1ea3o v\u1ec7 th\u00f4ng tin c\u00e1 nh\u00e2n c\u1ee7a b\u1ea1n v\u00e0 t\u00f4n tr\u1ecdng quy\u1ec1n ri\u00eang t\u01b0 c\u1ee7a b\u1ea1n. Ch\u00fang t\u00f4i t\u00f4n tr\u1ecdng t\u00ednh b\u00ed m\u1eadt c\u1ee7a b\u1ea5t k\u1ef3 th\u00f4ng tin n\u00e0o c\u00f3 t\u00ednh ch\u1ea5t b\u00ed m\u1eadt m\u00e0 ch\u00fang t\u00f4i bi\u1ebft \u0111\u1ebfn trong qu\u00e1 tr\u00ecnh th\u1ef1c hi\u1ec7n ngh\u1ec1 nghi\u1ec7p c\u1ee7a m\u00ecnh. Ch\u00fang t\u00f4i th\u1ef1c hi\u1ec7n c\u00e1c bi\u1ec7n ph\u00e1p h\u1ee3p l\u00fd \u0111\u1ed1i v\u1edbi c\u00e1c nh\u00e2n vi\u00ean xung quanh v\u00e0 b\u1ea5t k\u1ef3 ai c\u1ed9ng t\u00e1c v\u1edbi ch\u00fang t\u00f4i \u0111\u1ec3 \u0111\u1ea3m b\u1ea3o r\u1eb1ng b\u00ed m\u1eadt ngh\u1ec1 nghi\u1ec7p \u0111\u01b0\u1ee3c gi\u1eef nguy\u00ean.<\/p>\n\n\n\n<p><\/p>\n\n\n\n<p>Ch\u00fang t\u00f4i ch\u1ec9 c\u00f3 th\u1ec3 t\u1eeb b\u1ecf b\u00ed m\u1eadt ngh\u1ec1 nghi\u1ec7p khi c\u00f3 s\u1ef1 cho ph\u00e9p b\u1eb1ng v\u0103n b\u1ea3n c\u1ee7a kh\u00e1ch h\u00e0ng ho\u1eb7c khi ph\u00e1p lu\u1eadt y\u00eau c\u1ea7u ch\u00fang t\u00f4i ho\u1eb7c \u1ee7y quy\u1ec1n cho ch\u00fang t\u00f4i b\u1eb1ng quy \u0111\u1ecbnh r\u00f5 r\u00e0ng.<\/p>\n\n\n\n<h2 class=\"wp-block-heading\" id=\"h-collecte-et-utilisation\">Thu th\u1eadp v\u00e0 s\u1eed d\u1ee5ng<\/h2>\n\n\n\n<p>Huy Ho\u00e0ng Hu\u1ef3nh, MFisc thu th\u1eadp m\u1ed9t s\u1ed1 th\u00f4ng tin c\u00e1 nh\u00e2n c\u1ee7a b\u1ea1n th\u00f4ng qua c\u00e1c d\u1ecbch v\u1ee5 \u0111\u01b0\u1ee3c cung c\u1ea5p. Th\u00f4ng tin \u0111\u01b0\u1ee3c thu th\u1eadp c\u00f3 th\u1ec3 bao g\u1ed3m:<\/p>\n\n\n\n<ul class=\"wp-block-list\">\n<li>T\u00ean c\u1ee7a b\u1ea1n;<\/li>\n\n\n\n<li>Chi ti\u1ebft li\u00ean h\u1ec7 c\u00e1 nh\u00e2n v\u00e0\/ho\u1eb7c c\u00f4ng vi\u1ec7c c\u1ee7a b\u1ea1n, bao g\u1ed3m \u0111\u1ecba ch\u1ec9, \u0111\u1ecba ch\u1ec9 email v\u00e0 s\u1ed1 \u0111i\u1ec7n tho\u1ea1i c\u1ee7a b\u1ea1n;<\/li>\n\n\n\n<li>Ng\u00f4n ng\u1eef giao ti\u1ebfp cho th\u01b0 t\u1eeb c\u1ee7a b\u1ea1n;<\/li>\n\n\n\n<li>Th\u00f4ng tin thu\u1ebf c\u1ee7a b\u1ea1n;<\/li>\n\n\n\n<li>Th\u00f4ng tin v\u1ec1 nh\u1eefng ng\u01b0\u1eddi m\u00e0 b\u1ea1n c\u00f3 k\u1ebft n\u1ed1i.<\/li>\n<\/ul>\n\n\n\n<p>Th\u00f4ng tin n\u00e0y cho ph\u00e9p ch\u00fang t\u00f4i, trong s\u1ed1 nh\u1eefng th\u1ee9 kh\u00e1c, thi\u1ebft l\u1eadp c\u00e1c chi\u1ebfn l\u01b0\u1ee3c thu\u1ebf t\u1ed1t nh\u1ea5t c\u00f3 th\u1ec3 d\u1ef1a tr\u00ean t\u00ecnh hu\u1ed1ng c\u1ee7a b\u1ea1n**.<\/p>\n\n\n\n<p><\/p>\n\n\n\n<h2 class=\"wp-block-heading\">S\u1eed d\u1ee5ng<\/h2>\n\n\n\n<p>Th\u00f4ng tin c\u00e1 nh\u00e2n ch\u1ec9 \u0111\u01b0\u1ee3c s\u1eed d\u1ee5ng cho c\u00e1c m\u1ee5c \u0111\u00edch \u0111\u01b0\u1ee3c n\u00eau trong ch\u00ednh s\u00e1ch n\u00e0y v\u00e0 kh\u00f4ng \u0111\u01b0\u1ee3c s\u1eed d\u1ee5ng d\u01b0\u1edbi b\u1ea5t k\u1ef3 h\u00ecnh th\u1ee9c n\u00e0o \u0111\u1ec3 thu th\u1eadp, li\u00ean l\u1ea1c ho\u1eb7c trao \u0111\u1ed5i v\u1edbi nh\u1eefng ng\u01b0\u1eddi kh\u00f4ng c\u00f3 quy\u1ec1n.<\/p>\n\n\n\n<p>N\u1ebfu b\u1ea1n ch\u1ecdn t\u1ef1 nguy\u1ec7n g\u1eedi cho ch\u00fang t\u00f4i th\u00f4ng tin c\u00e1 nh\u00e2n ho\u1eb7c th\u00f4ng tin b\u00ed m\u1eadt, ch\u00fang t\u00f4i ch\u1ec9 s\u1eed d\u1ee5ng th\u00f4ng tin c\u1ea7n thi\u1ebft \u0111\u1ec3 tr\u1ea3 l\u1eddi tin nh\u1eafn c\u1ee7a b\u1ea1n ho\u1eb7c theo d\u00f5i y\u00eau c\u1ea7u c\u1ee7a b\u1ea1n.<\/p>","protected":false},"excerpt":{"rendered":"<p>Huy Hoang Huynh, Mfisc s&rsquo;engage \u00e0 prot\u00e9ger vos renseignements personnels et de respecter votre vie priv\u00e9e. Nous respectons le secret de tout renseignement de nature confidentielle qui vient \u00e0 notre connaissance dans l\u2019exercice de notre profession. Nous prenons les moyens raisonnables \u00e0 l\u2019\u00e9gard du personnel qui nous entoure et de toute personne qui collabore avec [&hellip;]<\/p>\n","protected":false},"author":1,"featured_media":0,"parent":0,"menu_order":0,"comment_status":"closed","ping_status":"closed","template":"","meta":{"footnotes":""},"class_list":["post-321","page","type-page","status-publish","hentry"],"yoast_head":"<!-- This site is optimized with the Yoast SEO Premium plugin v27.4 (Yoast SEO v27.4) - https:\/\/yoast.com\/product\/yoast-seo-premium-wordpress\/ -->\n<title>Politique de confidentialit\u00e9 - Tax Dispute &amp; Tax Strategy Specialist<\/title>\n<meta name=\"robots\" content=\"index, follow, max-snippet:-1, max-image-preview:large, max-video-preview:-1\" \/>\n<link rel=\"canonical\" href=\"https:\/\/www.mfisc.net\/vi\/politique-de-confidentialite\/\" \/>\n<meta property=\"og:locale\" content=\"vi_VN\" \/>\n<meta property=\"og:type\" content=\"article\" \/>\n<meta property=\"og:title\" content=\"Politique de confidentialit\u00e9\" \/>\n<meta property=\"og:description\" content=\"Huy Hoang Huynh, Mfisc s&rsquo;engage \u00e0 prot\u00e9ger vos renseignements personnels et de respecter votre vie priv\u00e9e. Nous respectons le secret de tout renseignement de nature confidentielle qui vient \u00e0 notre connaissance dans l\u2019exercice de notre profession. Nous prenons les moyens raisonnables \u00e0 l\u2019\u00e9gard du personnel qui nous entoure et de toute personne qui collabore avec [&hellip;]\" \/>\n<meta property=\"og:url\" content=\"https:\/\/www.mfisc.net\/vi\/politique-de-confidentialite\/\" \/>\n<meta property=\"og:site_name\" content=\"Tax Dispute &amp; Tax Strategy Specialist\" \/>\n<meta property=\"article:modified_time\" content=\"2024-03-04T01:54:58+00:00\" \/>\n<meta name=\"twitter:card\" content=\"summary_large_image\" \/>\n<meta name=\"twitter:label1\" content=\"\u01af\u1edbc t\u00ednh th\u1eddi gian \u0111\u1ecdc\" \/>\n\t<meta name=\"twitter:data1\" content=\"1 ph\u00fat\" \/>\n<script type=\"application\/ld+json\" class=\"yoast-schema-graph\">{\"@context\":\"https:\\\/\\\/schema.org\",\"@graph\":[{\"@type\":\"WebPage\",\"@id\":\"https:\\\/\\\/www.mfisc.net\\\/politique-de-confidentialite\\\/\",\"url\":\"https:\\\/\\\/www.mfisc.net\\\/politique-de-confidentialite\\\/\",\"name\":\"Politique de confidentialit\u00e9 - Tax Dispute &amp; Tax Strategy Specialist\",\"isPartOf\":{\"@id\":\"https:\\\/\\\/www.mfisc.net\\\/#website\"},\"datePublished\":\"2023-12-30T14:48:22+00:00\",\"dateModified\":\"2024-03-04T01:54:58+00:00\",\"breadcrumb\":{\"@id\":\"https:\\\/\\\/www.mfisc.net\\\/politique-de-confidentialite\\\/#breadcrumb\"},\"inLanguage\":\"vi\",\"potentialAction\":[{\"@type\":\"ReadAction\",\"target\":[\"https:\\\/\\\/www.mfisc.net\\\/politique-de-confidentialite\\\/\"]}]},{\"@type\":\"BreadcrumbList\",\"@id\":\"https:\\\/\\\/www.mfisc.net\\\/politique-de-confidentialite\\\/#breadcrumb\",\"itemListElement\":[{\"@type\":\"ListItem\",\"position\":1,\"name\":\"Home\",\"item\":\"https:\\\/\\\/www.mfisc.net\\\/\"},{\"@type\":\"ListItem\",\"position\":2,\"name\":\"Politique de confidentialit\u00e9\"}]},{\"@type\":\"WebSite\",\"@id\":\"https:\\\/\\\/www.mfisc.net\\\/#website\",\"url\":\"https:\\\/\\\/www.mfisc.net\\\/\",\"name\":\"Tax Dispute &amp; Tax Strategy Specialist\",\"description\":\"Service d&#039;accompagnement fiscal, fiscaliste Longueuil\",\"publisher\":{\"@id\":\"https:\\\/\\\/www.mfisc.net\\\/#organization\"},\"potentialAction\":[{\"@type\":\"SearchAction\",\"target\":{\"@type\":\"EntryPoint\",\"urlTemplate\":\"https:\\\/\\\/www.mfisc.net\\\/?s={search_term_string}\"},\"query-input\":{\"@type\":\"PropertyValueSpecification\",\"valueRequired\":true,\"valueName\":\"search_term_string\"}}],\"inLanguage\":\"vi\"},{\"@type\":\"Organization\",\"@id\":\"https:\\\/\\\/www.mfisc.net\\\/#organization\",\"name\":\"Tax Dispute &amp; Tax Strategy Specialist\",\"url\":\"https:\\\/\\\/www.mfisc.net\\\/\",\"logo\":{\"@type\":\"ImageObject\",\"inLanguage\":\"vi\",\"@id\":\"https:\\\/\\\/www.mfisc.net\\\/#\\\/schema\\\/logo\\\/image\\\/\",\"url\":\"\",\"contentUrl\":\"\",\"caption\":\"Tax Dispute &amp; Tax Strategy Specialist\"},\"image\":{\"@id\":\"https:\\\/\\\/www.mfisc.net\\\/#\\\/schema\\\/logo\\\/image\\\/\"}}]}<\/script>\n<!-- \/ Yoast SEO Premium plugin. -->","yoast_head_json":{"title":"Politique de confidentialit\u00e9 - Tax Dispute &amp; Tax Strategy Specialist","robots":{"index":"index","follow":"follow","max-snippet":"max-snippet:-1","max-image-preview":"max-image-preview:large","max-video-preview":"max-video-preview:-1"},"canonical":"https:\/\/www.mfisc.net\/vi\/politique-de-confidentialite\/","og_locale":"vi_VN","og_type":"article","og_title":"Politique de confidentialit\u00e9","og_description":"Huy Hoang Huynh, Mfisc s&rsquo;engage \u00e0 prot\u00e9ger vos renseignements personnels et de respecter votre vie priv\u00e9e. Nous respectons le secret de tout renseignement de nature confidentielle qui vient \u00e0 notre connaissance dans l\u2019exercice de notre profession. Nous prenons les moyens raisonnables \u00e0 l\u2019\u00e9gard du personnel qui nous entoure et de toute personne qui collabore avec [&hellip;]","og_url":"https:\/\/www.mfisc.net\/vi\/politique-de-confidentialite\/","og_site_name":"Tax Dispute &amp; Tax Strategy Specialist","article_modified_time":"2024-03-04T01:54:58+00:00","twitter_card":"summary_large_image","twitter_misc":{"\u01af\u1edbc t\u00ednh th\u1eddi gian \u0111\u1ecdc":"1 ph\u00fat"},"schema":{"@context":"https:\/\/schema.org","@graph":[{"@type":"WebPage","@id":"https:\/\/www.mfisc.net\/politique-de-confidentialite\/","url":"https:\/\/www.mfisc.net\/politique-de-confidentialite\/","name":"Politique de confidentialit\u00e9 - Tax Dispute &amp; Tax Strategy Specialist","isPartOf":{"@id":"https:\/\/www.mfisc.net\/#website"},"datePublished":"2023-12-30T14:48:22+00:00","dateModified":"2024-03-04T01:54:58+00:00","breadcrumb":{"@id":"https:\/\/www.mfisc.net\/politique-de-confidentialite\/#breadcrumb"},"inLanguage":"vi","potentialAction":[{"@type":"ReadAction","target":["https:\/\/www.mfisc.net\/politique-de-confidentialite\/"]}]},{"@type":"BreadcrumbList","@id":"https:\/\/www.mfisc.net\/politique-de-confidentialite\/#breadcrumb","itemListElement":[{"@type":"ListItem","position":1,"name":"Home","item":"https:\/\/www.mfisc.net\/"},{"@type":"ListItem","position":2,"name":"Politique de confidentialit\u00e9"}]},{"@type":"WebSite","@id":"https:\/\/www.mfisc.net\/#website","url":"https:\/\/www.mfisc.net\/","name":"Tax Dispute &amp; Tax Strategy Specialist","description":"Service d&#039;accompagnement fiscal, fiscaliste Longueuil","publisher":{"@id":"https:\/\/www.mfisc.net\/#organization"},"potentialAction":[{"@type":"SearchAction","target":{"@type":"EntryPoint","urlTemplate":"https:\/\/www.mfisc.net\/?s={search_term_string}"},"query-input":{"@type":"PropertyValueSpecification","valueRequired":true,"valueName":"search_term_string"}}],"inLanguage":"vi"},{"@type":"Organization","@id":"https:\/\/www.mfisc.net\/#organization","name":"Tax Dispute &amp; Tax Strategy Specialist","url":"https:\/\/www.mfisc.net\/","logo":{"@type":"ImageObject","inLanguage":"vi","@id":"https:\/\/www.mfisc.net\/#\/schema\/logo\/image\/","url":"","contentUrl":"","caption":"Tax Dispute &amp; Tax Strategy Specialist"},"image":{"@id":"https:\/\/www.mfisc.net\/#\/schema\/logo\/image\/"}}]}},"_links":{"self":[{"href":"https:\/\/www.mfisc.net\/vi\/wp-json\/wp\/v2\/pages\/321","targetHints":{"allow":["GET"]}}],"collection":[{"href":"https:\/\/www.mfisc.net\/vi\/wp-json\/wp\/v2\/pages"}],"about":[{"href":"https:\/\/www.mfisc.net\/vi\/wp-json\/wp\/v2\/types\/page"}],"author":[{"embeddable":true,"href":"https:\/\/www.mfisc.net\/vi\/wp-json\/wp\/v2\/users\/1"}],"replies":[{"embeddable":true,"href":"https:\/\/www.mfisc.net\/vi\/wp-json\/wp\/v2\/comments?post=321"}],"version-history":[{"count":1,"href":"https:\/\/www.mfisc.net\/vi\/wp-json\/wp\/v2\/pages\/321\/revisions"}],"predecessor-version":[{"id":599,"href":"https:\/\/www.mfisc.net\/vi\/wp-json\/wp\/v2\/pages\/321\/revisions\/599"}],"wp:attachment":[{"href":"https:\/\/www.mfisc.net\/vi\/wp-json\/wp\/v2\/media?parent=321"}],"curies":[{"name":"wp","href":"https:\/\/api.w.org\/{rel}","templated":true}]}}