{"id":326,"date":"2023-12-30T17:30:53","date_gmt":"2023-12-30T22:30:53","guid":{"rendered":"https:\/\/www.mfisc.net\/?page_id=326"},"modified":"2026-01-28T14:50:30","modified_gmt":"2026-01-28T19:50:30","slug":"paiement","status":"publish","type":"page","link":"https:\/\/www.mfisc.net\/vi\/paiement\/","title":{"rendered":"Thanh to\u00e1n"},"content":{"rendered":"<p>*** \u0110\u1ecdc k\u1ef9 c\u00e1c c\u1ea3nh b\u00e1o b\u00ean d\u01b0\u1edbi tr\u01b0\u1edbc khi th\u1ef1c hi\u1ec7n b\u1ea5t k\u1ef3 giao d\u1ecbch n\u00e0o ***<\/p>\n\n\n\n<p>Ch\u00fang t\u00f4i \u0111\u1ed3ng \u00fd c\u00e1c h\u00ecnh th\u1ee9c thanh to\u00e1n b\u00ean d\u01b0\u1edbi:<\/p>\n\n\n\n<ul class=\"wp-block-list\">\n<li>Chuy\u1ec3n ti\u1ec1n \u0111i\u1ec7n t\u1eed qua email <strong>huy.hoang.huynh@usherbrooke.ca<\/strong><\/li>\n\n\n\n<li>Chuy\u1ec3n ti\u1ec1n \u0111i\u1ec7n t\u1eed qua phone <strong>514 886-8914<\/strong><\/li>\n\n\n\n<li>Ti\u1ec1n m\u1eb7t (tr\u1ef1c ti\u1ebfp)<sup>2<\/sup><\/li>\n\n\n\n<li><a href=\"https:\/\/buy.stripe.com\/28oeVh08MetLfAc289\">Th\u1ebb t\u00edn d\u1ee5ng (n\u1ec1n t\u1ea3ng Stripe)<\/a><\/li>\n<\/ul>\n\n\n\n<p><strong>L\u01afU \u00dd: <\/strong><\/p>\n\n\n\n<p><\/p>\n\n\n\n<p>1) \u0110\u1ed1i v\u1edbi chuy\u1ec3n kho\u1ea3n,<\/p>\n\n\n\n<ul class=\"wp-block-list\">\n<li>X\u00e1c th\u1ef1c hai l\u1ea7n email ho\u1eb7c s\u1ed1 \u0111i\u1ec7n tho\u1ea1i \u1edf tr\u00ean. Ch\u00fang t\u00f4i kh\u00f4ng ch\u1ecbu tr\u00e1ch nhi\u1ec7m v\u1ec1 vi\u1ec7c chuy\u1ec3n nh\u1ea7m ng\u01b0\u1eddi nh\u1eadn;<\/li>\n<\/ul>\n\n\n\n<ul class=\"wp-block-list\">\n<li>Vui l\u00f2ng truy c\u1eadp trang web c\u1ee7a t\u1ed5 ch\u1ee9c t\u00e0i ch\u00ednh c\u1ee7a b\u1ea1n v\u00e0 th\u1ef1c hi\u1ec7n (c\u00e1c) chuy\u1ec3n kho\u1ea3n t\u1edbi email ho\u1eb7c s\u1ed1 \u0111i\u1ec7n tho\u1ea1i \u1edf tr\u00ean;<\/li>\n<\/ul>\n\n\n\n<ul class=\"wp-block-list\">\n<li>Ch\u00fang t\u00f4i kh\u00f4ng n\u1eafm gi\u1eef b\u1ea5t k\u1ef3 th\u00f4ng tin t\u00e0i ch\u00ednh n\u00e0o v\u1ec1 b\u1ea1n. Vui l\u00f2ng li\u00ean h\u1ec7 v\u1edbi t\u1ed5 ch\u1ee9c t\u00e0i ch\u00ednh c\u1ee7a b\u1ea1n n\u1ebfu b\u1ea1n g\u1eb7p kh\u00f3 kh\u0103n; <\/li>\n<\/ul>\n\n\n\n<p><\/p>\n\n\n\n<p class=\"has-text-align-right\"><\/p>\n\n\n\n<p>2) B\u1ea1n ph\u1ea3i li\u00ean h\u1ec7 tr\u01b0\u1edbc v\u1edbi ch\u00fang t\u00f4i theo s\u1ed1 514 886-8914 \u0111\u1ec3 thanh to\u00e1n b\u1eb1ng ti\u1ec1n m\u1eb7t; <\/p>\n\n\n\n<p><\/p>\n\n\n\n<p>3) Ch\u00fang t\u00f4i cam k\u1ebft kh\u00f4ng l\u01b0u gi\u1eef b\u1ea5t k\u1ef3 th\u00f4ng tin n\u00e0o li\u00ean quan \u0111\u1ebfn th\u1ebb t\u00edn d\u1ee5ng c\u1ee7a b\u1ea1n. Giao d\u1ecbch \u0111\u01b0\u1ee3c th\u1ef1c hi\u1ec7n tr\u00ean n\u1ec1n t\u1ea3ng giao d\u1ecbch Stripe (<a href=\"https:\/\/stripe.com\/\">Click v\u00e0o \u0111\u00e2y \u0111\u1ec3 bi\u1ebft th\u00eam chi ti\u1ebft<\/a>);<\/p>\n\n\n\n<p>4) T\u1ea5t c\u1ea3 c\u00e1c y\u00eau c\u1ea7u ho\u00e0n tr\u1ea3 g\u1eedi t\u1edbi Huy Hoang Huynh, Mfisc, s\u1ebd \u0111\u01b0\u1ee3c x\u1eed l\u00fd 72 gi\u1edd L\u00c0M VI\u1ec6C sau khi chuy\u1ec3n kho\u1ea3n (kh\u00f4ng c\u00f3 ngo\u1ea1i l\u1ec7) \u0111\u1ec3 tr\u00e1nh c\u00e1c giao d\u1ecbch gian l\u1eadn;<\/p>\n\n\n\n<ul class=\"wp-block-list\">\n<li>Ch\u00fang t\u00f4i c\u00f3 quy\u1ec1n y\u00eau c\u1ea7u b\u1ea1n cung c\u1ea5p l\u00fd do cho y\u00eau c\u1ea7u ho\u00e0n tr\u1ea3 c\u1ee7a b\u1ea1n;<\/li>\n<\/ul>\n\n\n\n<p>5) C\u00e1c kho\u1ea3n thanh to\u00e1n ch\u1ec9 d\u00e0nh cho d\u1ecbch v\u1ee5 t\u01b0 v\u1ea5n thu\u1ebf, b\u1ea1n ph\u1ea3i th\u1ef1c hi\u1ec7n c\u00e1c b\u01b0\u1edbc v\u1edbi c\u01a1 quan thu\u1ebf \u0111\u1ec3 thanh to\u00e1n s\u1ed1 ti\u1ec1n n\u1ee3;<\/p>\n\n\n\n<p>6) B\u1ea1n c\u00f3 tr\u00e1ch nhi\u1ec7m l\u01b0u gi\u1eef t\u1ea5t c\u1ea3 h\u1ed3 s\u01a1 giao d\u1ecbch;<\/p>\n\n\n\n<p>7) Ph\u00ed \u0111\u01b0\u1ee3c t\u00ednh l\u00e0 s\u1ed1 ti\u1ec1n c\u01a1 b\u1ea3n, c\u00f3 th\u1ec3 \u0111i\u1ec1u ch\u1ec9nh t\u00f9y thu\u1ed9c v\u00e0o t\u00ecnh h\u00ecnh thu\u1ebf c\u1ee7a b\u1ea1n;<\/p>\n\n\n\n<p>8) B\u1ea1n ph\u1ea3i \u0111\u1ee3i \u00edt nh\u1ea5t 5 ph\u00fat \u0111\u1ec3 th\u1ef1c hi\u1ec7n giao d\u1ecbch m\u1edbi (n\u1ebfu giao d\u1ecbch tr\u01b0\u1edbc kh\u00f4ng th\u00e0nh c\u00f4ng \u0111\u1ec3 tr\u00e1nh giao d\u1ecbch tr\u00f9ng l\u1eb7p);<\/p>\n\n\n\n<p>9) B\u1eb1ng c\u00e1ch ho\u00e0n t\u1ea5t giao d\u1ecbch, b\u1ea1n \u0111\u01b0\u1ee3c coi l\u00e0 \u0111\u1ed3ng \u00fd v\u1edbi t\u1ea5t c\u1ea3 c\u00e1c l\u01b0u \u00fd tr\u00ean.<\/p>","protected":false},"excerpt":{"rendered":"<p>*** Bien lire les mises en garde ci-dessous avant toutes transactions *** Nous acceptons les formes de paiements suivants: MISE EN GARDE: 1) Pour les virements \u00e9lectroniques, 2) Vous devez nous contacter au 514 886-8914 pr\u00e9alablement pour les paiements en esp\u00e8ces; 3) Nous nous engageons de ne pas garder aucune information relative \u00e0 votre carte [&hellip;]<\/p>\n","protected":false},"author":1,"featured_media":0,"parent":0,"menu_order":0,"comment_status":"closed","ping_status":"closed","template":"","meta":{"footnotes":""},"class_list":["post-326","page","type-page","status-publish","hentry"],"yoast_head":"<!-- This site is optimized with the Yoast SEO Premium plugin v27.4 (Yoast SEO v27.4) - https:\/\/yoast.com\/product\/yoast-seo-premium-wordpress\/ -->\n<title>Paiement - Tax Dispute &amp; Tax Strategy Specialist<\/title>\n<meta name=\"robots\" content=\"index, follow, max-snippet:-1, max-image-preview:large, max-video-preview:-1\" \/>\n<link rel=\"canonical\" href=\"https:\/\/www.mfisc.net\/vi\/paiement\/\" \/>\n<meta property=\"og:locale\" content=\"vi_VN\" \/>\n<meta property=\"og:type\" content=\"article\" \/>\n<meta property=\"og:title\" content=\"Paiement\" \/>\n<meta property=\"og:description\" content=\"*** Bien lire les mises en garde ci-dessous avant toutes transactions *** Nous acceptons les formes de paiements suivants: MISE EN GARDE: 1) Pour les virements \u00e9lectroniques, 2) Vous devez nous contacter au 514 886-8914 pr\u00e9alablement pour les paiements en esp\u00e8ces; 3) Nous nous engageons de ne pas garder aucune information relative \u00e0 votre carte [&hellip;]\" \/>\n<meta property=\"og:url\" content=\"https:\/\/www.mfisc.net\/vi\/paiement\/\" \/>\n<meta property=\"og:site_name\" content=\"Tax Dispute &amp; Tax Strategy Specialist\" \/>\n<meta property=\"article:modified_time\" content=\"2026-01-28T19:50:30+00:00\" \/>\n<meta name=\"twitter:card\" content=\"summary_large_image\" \/>\n<meta name=\"twitter:label1\" content=\"\u01af\u1edbc t\u00ednh th\u1eddi gian \u0111\u1ecdc\" \/>\n\t<meta name=\"twitter:data1\" content=\"2 ph\u00fat\" \/>\n<script type=\"application\/ld+json\" class=\"yoast-schema-graph\">{\"@context\":\"https:\\\/\\\/schema.org\",\"@graph\":[{\"@type\":\"WebPage\",\"@id\":\"https:\\\/\\\/www.mfisc.net\\\/paiement\\\/\",\"url\":\"https:\\\/\\\/www.mfisc.net\\\/paiement\\\/\",\"name\":\"Paiement - Tax Dispute &amp; Tax Strategy Specialist\",\"isPartOf\":{\"@id\":\"https:\\\/\\\/www.mfisc.net\\\/#website\"},\"datePublished\":\"2023-12-30T22:30:53+00:00\",\"dateModified\":\"2026-01-28T19:50:30+00:00\",\"breadcrumb\":{\"@id\":\"https:\\\/\\\/www.mfisc.net\\\/paiement\\\/#breadcrumb\"},\"inLanguage\":\"vi\",\"potentialAction\":[{\"@type\":\"ReadAction\",\"target\":[\"https:\\\/\\\/www.mfisc.net\\\/paiement\\\/\"]}]},{\"@type\":\"BreadcrumbList\",\"@id\":\"https:\\\/\\\/www.mfisc.net\\\/paiement\\\/#breadcrumb\",\"itemListElement\":[{\"@type\":\"ListItem\",\"position\":1,\"name\":\"Home\",\"item\":\"https:\\\/\\\/www.mfisc.net\\\/\"},{\"@type\":\"ListItem\",\"position\":2,\"name\":\"Paiement\"}]},{\"@type\":\"WebSite\",\"@id\":\"https:\\\/\\\/www.mfisc.net\\\/#website\",\"url\":\"https:\\\/\\\/www.mfisc.net\\\/\",\"name\":\"Tax Dispute &amp; Tax Strategy Specialist\",\"description\":\"Service d&#039;accompagnement fiscal, fiscaliste Longueuil\",\"publisher\":{\"@id\":\"https:\\\/\\\/www.mfisc.net\\\/#organization\"},\"potentialAction\":[{\"@type\":\"SearchAction\",\"target\":{\"@type\":\"EntryPoint\",\"urlTemplate\":\"https:\\\/\\\/www.mfisc.net\\\/?s={search_term_string}\"},\"query-input\":{\"@type\":\"PropertyValueSpecification\",\"valueRequired\":true,\"valueName\":\"search_term_string\"}}],\"inLanguage\":\"vi\"},{\"@type\":\"Organization\",\"@id\":\"https:\\\/\\\/www.mfisc.net\\\/#organization\",\"name\":\"Tax Dispute &amp; Tax Strategy Specialist\",\"url\":\"https:\\\/\\\/www.mfisc.net\\\/\",\"logo\":{\"@type\":\"ImageObject\",\"inLanguage\":\"vi\",\"@id\":\"https:\\\/\\\/www.mfisc.net\\\/#\\\/schema\\\/logo\\\/image\\\/\",\"url\":\"\",\"contentUrl\":\"\",\"caption\":\"Tax Dispute &amp; Tax Strategy Specialist\"},\"image\":{\"@id\":\"https:\\\/\\\/www.mfisc.net\\\/#\\\/schema\\\/logo\\\/image\\\/\"}}]}<\/script>\n<!-- \/ Yoast SEO Premium plugin. -->","yoast_head_json":{"title":"Paiement - Tax Dispute &amp; Tax Strategy Specialist","robots":{"index":"index","follow":"follow","max-snippet":"max-snippet:-1","max-image-preview":"max-image-preview:large","max-video-preview":"max-video-preview:-1"},"canonical":"https:\/\/www.mfisc.net\/vi\/paiement\/","og_locale":"vi_VN","og_type":"article","og_title":"Paiement","og_description":"*** Bien lire les mises en garde ci-dessous avant toutes transactions *** Nous acceptons les formes de paiements suivants: MISE EN GARDE: 1) Pour les virements \u00e9lectroniques, 2) Vous devez nous contacter au 514 886-8914 pr\u00e9alablement pour les paiements en esp\u00e8ces; 3) Nous nous engageons de ne pas garder aucune information relative \u00e0 votre carte [&hellip;]","og_url":"https:\/\/www.mfisc.net\/vi\/paiement\/","og_site_name":"Tax Dispute &amp; Tax Strategy Specialist","article_modified_time":"2026-01-28T19:50:30+00:00","twitter_card":"summary_large_image","twitter_misc":{"\u01af\u1edbc t\u00ednh th\u1eddi gian \u0111\u1ecdc":"2 ph\u00fat"},"schema":{"@context":"https:\/\/schema.org","@graph":[{"@type":"WebPage","@id":"https:\/\/www.mfisc.net\/paiement\/","url":"https:\/\/www.mfisc.net\/paiement\/","name":"Paiement - Tax Dispute &amp; Tax Strategy Specialist","isPartOf":{"@id":"https:\/\/www.mfisc.net\/#website"},"datePublished":"2023-12-30T22:30:53+00:00","dateModified":"2026-01-28T19:50:30+00:00","breadcrumb":{"@id":"https:\/\/www.mfisc.net\/paiement\/#breadcrumb"},"inLanguage":"vi","potentialAction":[{"@type":"ReadAction","target":["https:\/\/www.mfisc.net\/paiement\/"]}]},{"@type":"BreadcrumbList","@id":"https:\/\/www.mfisc.net\/paiement\/#breadcrumb","itemListElement":[{"@type":"ListItem","position":1,"name":"Home","item":"https:\/\/www.mfisc.net\/"},{"@type":"ListItem","position":2,"name":"Paiement"}]},{"@type":"WebSite","@id":"https:\/\/www.mfisc.net\/#website","url":"https:\/\/www.mfisc.net\/","name":"Tax Dispute &amp; Tax Strategy Specialist","description":"Service d&#039;accompagnement fiscal, fiscaliste Longueuil","publisher":{"@id":"https:\/\/www.mfisc.net\/#organization"},"potentialAction":[{"@type":"SearchAction","target":{"@type":"EntryPoint","urlTemplate":"https:\/\/www.mfisc.net\/?s={search_term_string}"},"query-input":{"@type":"PropertyValueSpecification","valueRequired":true,"valueName":"search_term_string"}}],"inLanguage":"vi"},{"@type":"Organization","@id":"https:\/\/www.mfisc.net\/#organization","name":"Tax Dispute &amp; Tax Strategy Specialist","url":"https:\/\/www.mfisc.net\/","logo":{"@type":"ImageObject","inLanguage":"vi","@id":"https:\/\/www.mfisc.net\/#\/schema\/logo\/image\/","url":"","contentUrl":"","caption":"Tax Dispute &amp; Tax Strategy Specialist"},"image":{"@id":"https:\/\/www.mfisc.net\/#\/schema\/logo\/image\/"}}]}},"_links":{"self":[{"href":"https:\/\/www.mfisc.net\/vi\/wp-json\/wp\/v2\/pages\/326","targetHints":{"allow":["GET"]}}],"collection":[{"href":"https:\/\/www.mfisc.net\/vi\/wp-json\/wp\/v2\/pages"}],"about":[{"href":"https:\/\/www.mfisc.net\/vi\/wp-json\/wp\/v2\/types\/page"}],"author":[{"embeddable":true,"href":"https:\/\/www.mfisc.net\/vi\/wp-json\/wp\/v2\/users\/1"}],"replies":[{"embeddable":true,"href":"https:\/\/www.mfisc.net\/vi\/wp-json\/wp\/v2\/comments?post=326"}],"version-history":[{"count":10,"href":"https:\/\/www.mfisc.net\/vi\/wp-json\/wp\/v2\/pages\/326\/revisions"}],"predecessor-version":[{"id":1060,"href":"https:\/\/www.mfisc.net\/vi\/wp-json\/wp\/v2\/pages\/326\/revisions\/1060"}],"wp:attachment":[{"href":"https:\/\/www.mfisc.net\/vi\/wp-json\/wp\/v2\/media?parent=326"}],"curies":[{"name":"wp","href":"https:\/\/api.w.org\/{rel}","templated":true}]}}